{"id":8,"date":"2025-03-31T00:13:18","date_gmt":"2025-03-31T00:13:18","guid":{"rendered":"https:\/\/www.gultepeehliyet.com\/?page_id=8"},"modified":"2025-04-18T11:24:54","modified_gmt":"2025-04-18T11:24:54","slug":"hakkinda","status":"publish","type":"page","link":"https:\/\/www.gultepeehliyet.com\/?page_id=8","title":{"rendered":"Hakk\u0131nda"},"content":{"rendered":"\n<div class=\"wp-block-cover alignfull\" style=\"min-height:320px;aspect-ratio:unset;\"><span aria-hidden=\"true\" class=\"wp-block-cover__background has-nv-site-bg-background-color has-background-dim-100 has-background-dim\"><\/span><div class=\"wp-block-cover__inner-container is-layout-flow wp-block-cover-is-layout-flow\">\n<div class=\"wp-block-group\" style=\"padding-right:var(--wp--preset--spacing--30);padding-left:var(--wp--preset--spacing--30)\"><div class=\"wp-block-group__inner-container is-layout-flow wp-block-group-is-layout-flow\">\n<h1 class=\"wp-block-heading has-text-align-left has-neve-text-color-color has-text-color\">Hakk\u0131m\u0131zda<\/h1>\n<\/div><\/div>\n<\/div><\/div>\n\n\n\n<div class=\"wp-block-cover alignfull\" style=\"min-height:600px;aspect-ratio:unset;\"><span aria-hidden=\"true\" class=\"wp-block-cover__background has-nv-light-bg-background-color has-background-dim-100 has-background-dim\"><\/span><div class=\"wp-block-cover__inner-container is-layout-flow wp-block-cover-is-layout-flow\">\n<div class=\"wp-block-group\"><div class=\"wp-block-group__inner-container is-layout-flow wp-block-group-is-layout-flow\">\n<div style=\"height:80px\" aria-hidden=\"true\" class=\"wp-block-spacer\"><\/div>\n\n\n\n<div class=\"wp-block-columns are-vertically-aligned-center has-neve-text-color-color has-text-color is-layout-flex wp-container-core-columns-is-layout-9d6595d7 wp-block-columns-is-layout-flex\">\n<div class=\"wp-block-column is-vertically-aligned-center is-layout-flow wp-block-column-is-layout-flow\" style=\"padding-right:var(--wp--preset--spacing--30);padding-left:var(--wp--preset--spacing--30);flex-basis:50%\">\n<figure class=\"wp-block-image size-full has-custom-border\"><img loading=\"lazy\" decoding=\"async\" width=\"1707\" height=\"2560\" src=\"https:\/\/www.gultepeehliyet.com\/wp-content\/uploads\/2025\/03\/person-taking-driver-s-license-exam-1-scaled.jpg\" alt=\"\" class=\"wp-image-41\" style=\"border-radius:16px\" srcset=\"https:\/\/www.gultepeehliyet.com\/wp-content\/uploads\/2025\/03\/person-taking-driver-s-license-exam-1-scaled.jpg 1707w, https:\/\/www.gultepeehliyet.com\/wp-content\/uploads\/2025\/03\/person-taking-driver-s-license-exam-1-200x300.jpg 200w, https:\/\/www.gultepeehliyet.com\/wp-content\/uploads\/2025\/03\/person-taking-driver-s-license-exam-1-683x1024.jpg 683w, https:\/\/www.gultepeehliyet.com\/wp-content\/uploads\/2025\/03\/person-taking-driver-s-license-exam-1-768x1152.jpg 768w, https:\/\/www.gultepeehliyet.com\/wp-content\/uploads\/2025\/03\/person-taking-driver-s-license-exam-1-1024x1536.jpg 1024w, https:\/\/www.gultepeehliyet.com\/wp-content\/uploads\/2025\/03\/person-taking-driver-s-license-exam-1-1365x2048.jpg 1365w\" sizes=\"auto, (max-width: 1707px) 100vw, 1707px\" \/><\/figure>\n<\/div>\n\n\n\n<div class=\"wp-block-column is-vertically-aligned-center is-layout-flow wp-block-column-is-layout-flow\" style=\"padding-top:0;padding-right:var(--wp--preset--spacing--30);padding-bottom:0;padding-left:var(--wp--preset--spacing--30);flex-basis:50%\">\n<h2 class=\"wp-block-heading has-neve-text-color-color has-text-color\">Ka\u011f\u0131thane G\u00fcltepe Ehliyet Olarak \u0130stanbul&#8217;da hizmetinizdeyiz!<\/h2>\n\n\n\n<p class=\"has-neve-text-color-color has-text-color\"><\/p>\n\n\n\n<p>G\u00fcltepe Ehliyet olarak, kuruldu\u011fumuz g\u00fcnden bu yana yaln\u0131zca bir s\u00fcr\u00fcc\u00fc belgesi de\u011fil, ayn\u0131 zamanda trafikte bilin\u00e7li, sayg\u0131l\u0131 ve \u00f6zg\u00fcvenli bireyler yeti\u015ftirmenin sorumlulu\u011funu ta\u015f\u0131yoruz. Sadece s\u0131nav\u0131 ge\u00e7mek de\u011fil, her yol ko\u015fulunda kendinden emin ve kurallara hakim s\u00fcr\u00fcc\u00fcler yeti\u015ftirmek bizim en b\u00fcy\u00fck hedefimizdir.<\/p>\n\n\n\n<p>Modern e\u011fitim ara\u00e7lar\u0131m\u0131z, uzman e\u011fitmen kadromuz ve birebir uygulamal\u0131 derslerimizle her \u00f6\u011frencimize \u00f6zel bir e\u011fitim deneyimi sunuyoruz. \u0130leri seviye e\u011fitim tekniklerimizle teorik bilgiyi pratikle harmanl\u0131yor, \u00f6\u011frencilerimizin s\u0131nav stresini minimuma indiriyoruz.<\/p>\n\n\n\n<p>Bug\u00fcne kadar y\u00fczlerce \u00f6\u011frencimizi ba\u015far\u0131yla mezun etmenin gururunu ya\u015f\u0131yoruz. %95\u2019in \u00fczerindeki ba\u015far\u0131 oran\u0131m\u0131z ve \u00f6\u011frenci memnuniyetiyle G\u00fcltepe\u2019de en \u00e7ok tercih edilen s\u00fcr\u00fcc\u00fc kurslar\u0131ndan biri olman\u0131n mutlulu\u011funu ya\u015f\u0131yoruz.<\/p>\n\n\n\n<p class=\"has-neve-text-color-color has-text-color\"><\/p>\n<\/div>\n<\/div>\n\n\n\n<div style=\"height:40px\" aria-hidden=\"true\" class=\"wp-block-spacer\"><\/div>\n<\/div><\/div>\n<\/div><\/div>\n\n\n\n<div class=\"wp-block-cover alignfull\" style=\"min-height:600px;aspect-ratio:unset;\"><span aria-hidden=\"true\" class=\"wp-block-cover__background has-nv-dark-bg-background-color has-background-dim-100 has-background-dim\"><\/span><div class=\"wp-block-cover__inner-container is-layout-flow wp-block-cover-is-layout-flow\">\n<div class=\"wp-block-group\"><div class=\"wp-block-group__inner-container is-layout-flow wp-block-group-is-layout-flow\">\n<div style=\"height:80px\" aria-hidden=\"true\" class=\"wp-block-spacer\"><\/div>\n\n\n\n<div class=\"wp-block-columns are-vertically-aligned-center is-layout-flex wp-container-core-columns-is-layout-9d6595d7 wp-block-columns-is-layout-flex\">\n<div class=\"wp-block-column is-vertically-aligned-center is-layout-flow wp-block-column-is-layout-flow\" style=\"padding-right:var(--wp--preset--spacing--30);padding-left:var(--wp--preset--spacing--30);flex-basis:50%\">\n<h2 class=\"wp-block-heading has-nv-text-dark-bg-color has-text-color\"><strong>G\u00fcltepe Ehliyet ile G\u00fcvenli S\u00fcr\u00fc\u015fe \u0130lk Ad\u0131m\u0131n\u0131z\u0131 At\u0131n<\/strong><\/h2>\n\n\n\n<p class=\"has-nv-text-dark-bg-color has-text-color\">Siz de ehliyet almakla kalmay\u0131p g\u00fcvenli s\u00fcr\u00fc\u015f al\u0131\u015fkanl\u0131\u011f\u0131 kazanmak istiyorsan\u0131z, G\u00fcltepe Ehliyet ailesine kat\u0131l\u0131n. \u00c7\u00fcnk\u00fc biz, sizin yola yaln\u0131z \u00e7\u0131kmaman\u0131z i\u00e7in buraday\u0131z.<\/p>\n\n\n\n<div style=\"height:20px\" aria-hidden=\"true\" class=\"wp-block-spacer\"><\/div>\n\n\n\n<div class=\"wp-block-buttons has-custom-font-size has-small-font-size is-content-justification-left is-layout-flex wp-container-core-buttons-is-layout-fdcfc74e wp-block-buttons-is-layout-flex\">\n<div class=\"wp-block-button is-style-primary\"><a class=\"wp-block-button__link has-nv-text-dark-bg-color has-neve-link-color-background-color has-text-color has-background has-link-color has-custom-font-size wp-element-button\" href=\"tel:05465732515\" style=\"font-size:16px\">Hemen Bize Ula\u015f\u0131n!<\/a><\/div>\n<\/div>\n\n\n\n<div style=\"height:20px\" aria-hidden=\"true\" class=\"wp-block-spacer\"><\/div>\n<\/div>\n\n\n\n<div class=\"wp-block-column is-vertically-aligned-center is-layout-flow wp-block-column-is-layout-flow\" style=\"padding-right:var(--wp--preset--spacing--30);padding-left:var(--wp--preset--spacing--30);flex-basis:50%\">\n<figure class=\"wp-block-image size-full has-custom-border\"><img loading=\"lazy\" decoding=\"async\" width=\"2560\" height=\"1707\" src=\"https:\/\/www.gultepeehliyet.com\/wp-content\/uploads\/2025\/03\/woman-male-driving-instructor-driving-test-scaled.jpg\" alt=\"\" class=\"wp-image-42\" style=\"border-radius:16px\" srcset=\"https:\/\/www.gultepeehliyet.com\/wp-content\/uploads\/2025\/03\/woman-male-driving-instructor-driving-test-scaled.jpg 2560w, https:\/\/www.gultepeehliyet.com\/wp-content\/uploads\/2025\/03\/woman-male-driving-instructor-driving-test-300x200.jpg 300w, https:\/\/www.gultepeehliyet.com\/wp-content\/uploads\/2025\/03\/woman-male-driving-instructor-driving-test-1024x683.jpg 1024w, https:\/\/www.gultepeehliyet.com\/wp-content\/uploads\/2025\/03\/woman-male-driving-instructor-driving-test-768x512.jpg 768w, https:\/\/www.gultepeehliyet.com\/wp-content\/uploads\/2025\/03\/woman-male-driving-instructor-driving-test-1536x1024.jpg 1536w, https:\/\/www.gultepeehliyet.com\/wp-content\/uploads\/2025\/03\/woman-male-driving-instructor-driving-test-2048x1365.jpg 2048w, https:\/\/www.gultepeehliyet.com\/wp-content\/uploads\/2025\/03\/woman-male-driving-instructor-driving-test-930x620.jpg 930w\" sizes=\"auto, (max-width: 2560px) 100vw, 2560px\" \/><\/figure>\n<\/div>\n<\/div>\n\n\n\n<div style=\"height:40px\" aria-hidden=\"true\" class=\"wp-block-spacer\"><\/div>\n<\/div><\/div>\n<\/div><\/div>\n","protected":false},"excerpt":{"rendered":"","protected":false},"author":1,"featured_media":0,"parent":0,"menu_order":0,"comment_status":"closed","ping_status":"closed","template":"","meta":{"neve_meta_sidebar":"","neve_meta_container":"","neve_meta_enable_content_width":"on","neve_meta_content_width":100,"neve_meta_title_alignment":"","neve_meta_author_avatar":"","neve_post_elements_order":"","neve_meta_disable_header":"","neve_meta_disable_footer":"","neve_meta_disable_title":"on","footnotes":""},"class_list":["post-8","page","type-page","status-publish","hentry"],"_links":{"self":[{"href":"https:\/\/www.gultepeehliyet.com\/index.php?rest_route=\/wp\/v2\/pages\/8","targetHints":{"allow":["GET"]}}],"collection":[{"href":"https:\/\/www.gultepeehliyet.com\/index.php?rest_route=\/wp\/v2\/pages"}],"about":[{"href":"https:\/\/www.gultepeehliyet.com\/index.php?rest_route=\/wp\/v2\/types\/page"}],"author":[{"embeddable":true,"href":"https:\/\/www.gultepeehliyet.com\/index.php?rest_route=\/wp\/v2\/users\/1"}],"replies":[{"embeddable":true,"href":"https:\/\/www.gultepeehliyet.com\/index.php?rest_route=%2Fwp%2Fv2%2Fcomments&post=8"}],"version-history":[{"count":3,"href":"https:\/\/www.gultepeehliyet.com\/index.php?rest_route=\/wp\/v2\/pages\/8\/revisions"}],"predecessor-version":[{"id":80,"href":"https:\/\/www.gultepeehliyet.com\/index.php?rest_route=\/wp\/v2\/pages\/8\/revisions\/80"}],"wp:attachment":[{"href":"https:\/\/www.gultepeehliyet.com\/index.php?rest_route=%2Fwp%2Fv2%2Fmedia&parent=8"}],"curies":[{"name":"wp","href":"https:\/\/api.w.org\/{rel}","templated":true}]}}